{"id":13,"date":"2020-02-25T10:51:19","date_gmt":"2020-02-25T09:51:19","guid":{"rendered":"http:\/\/dev.media-fleet.fr\/?page_id=13"},"modified":"2021-10-29T10:26:35","modified_gmt":"2021-10-29T08:26:35","slug":"a-propos-de","status":"publish","type":"page","link":"https:\/\/media-fleet.fr\/index.php\/a-propos-de\/","title":{"rendered":"\u00c0 propos de"},"content":{"rendered":"\n<p><strong>I. Conformit\u00e9s de d\u00e9claration<\/strong><\/p>\n\n\n\n<p>Conform\u00e9ment \u00e0 la loi nous avons d\u00e9clar\u00e9 notre site internet aupr\u00e8s de la Commission Nationale de l&rsquo;Informatique et des Libert\u00e9s (C.N.I.L) sous le num\u00e9ro d&rsquo;enregistrement 1600786 v 0.<\/p>\n\n\n\n<p>Media-Fleet est un service de <strong>Wojcik Solutions<\/strong> SAS immatricul\u00e9e au registre du commerce de Aix-En-Provence sous le num\u00e9ro  <strong>B 900&nbsp;455&nbsp;619<\/strong> domicili\u00e9e <strong>Z.I Le Pontet 13590 MEYREUIL &#8211; FRANCE<\/strong>.<\/p>\n\n\n\n<p><strong>II. Confidentialit\u00e9 des donn\u00e9es personnelles<\/strong> <strong>et de l&rsquo;application Media-Fleet<\/strong><\/p>\n\n\n\n<p>Conform\u00e9ment \u00e0 l&rsquo;article 39 et 40 de la loi N. 78-17 du 6 janvier 1978 modifi\u00e9e relative \u00e0 l&rsquo;informatique, aux fichiers et aux libert\u00e9s, vous disposez d&rsquo;un droit d&rsquo;acc\u00e8s, de rectification et de suppression des donn\u00e9es nominatives vous concernant. Vous pouvez exercer ce droit en contactant les \u00e9diteurs du site media-fleet.fr aux coordonn\u00e9es disponibles dans la section contact du site. En vertu de la loi n\u00b0 2000-719 du 1er ao\u00fbt 2000, les coordonn\u00e9es d\u00e9clar\u00e9es par l&rsquo;utilisateur pourront \u00eatre communiqu\u00e9es sur r\u00e9quisition des autorit\u00e9s judiciaires. Les informations recueillies aupr\u00e8s des internautes par le biais des formulaires disponibles sur le site internet media-fleet.fr sont conformes aux dispositions pr\u00e9vues par la loi N. 78-17 du 6 janvier 1978 relative \u00e0 l&rsquo;informatique, aux fichiers et aux libert\u00e9s.<br><br>L&rsquo;application <strong>Media-Fleet.fr<\/strong> ne collecte aucune donn\u00e9es personnelles ni aucunes donn\u00e9es sensibles.<\/p>\n\n\n\n<p><strong>III. Droit de propri\u00e9t\u00e9 intellectuelle<\/strong><\/p>\n\n\n\n<p>La structure g\u00e9n\u00e9rale ainsi que les textes, images anim\u00e9es ou non, et tous les \u00e9l\u00e9ments graphiques ou \u00e9ditoriaux composant le site internet media-fleet.fr sont la propri\u00e9t\u00e9 de son \u00e9diteur. La reproduction de tout ou partie de ce site, sur quelque support que ce soit, est formellement interdite sauf autorisation expresse de son \u00e9diteur et donnera lieu \u00e0 des poursuites sans avertissement pr\u00e9alable. Toute repr\u00e9sentation, reproduction de ce site, par quelque proc\u00e9d\u00e9 que ce soit, constituerait une contrefa\u00e7on sanctionn\u00e9e par les articles L.335-2 et suivants du Code de la Propri\u00e9t\u00e9 Intellectuelle.<\/p>\n\n\n\n<p><strong>IV. H\u00e9bergement<\/strong><\/p>\n\n\n\n<p>Le site internet media-fleet.fr est h\u00e9berg\u00e9 sur les serveurs du prestataire :<\/p>\n\n\n\n<p>OVH.com<br>SAS au capital de 10 000 000 \u20ac<br>RCS Roubaix Tourcoing 424 761 419 00045<br>Code APE 6202A<br>N\u00b0 TVA : FR 22 424 761 419<br>Si\u00e8ge social : 2 rue Kellermann &#8211; 59100 Roubaix &#8211; France. <\/p>\n\n\n\n<p><\/p>\n","protected":false},"excerpt":{"rendered":"<p>I. Conformit\u00e9s de d\u00e9claration Conform\u00e9ment \u00e0 la loi nous avons d\u00e9clar\u00e9 notre site internet aupr\u00e8s de la Commission Nationale de l&rsquo;Informatique et des Libert\u00e9s (C.N.I.L) sous le num\u00e9ro d&rsquo;enregistrement 1600786 v 0. Media-Fleet est un service de Wojcik Solutions SAS immatricul\u00e9e au registre du commerce de Aix-En-Provence sous le num\u00e9ro B 900&nbsp;455&nbsp;619 domicili\u00e9e Z.I Le [&#8230;]\n","protected":false},"author":1,"featured_media":0,"parent":0,"menu_order":0,"comment_status":"closed","ping_status":"closed","template":"","meta":{"footnotes":""},"class_list":["post-13","page","type-page","status-publish","hentry"],"_links":{"self":[{"href":"https:\/\/media-fleet.fr\/index.php\/wp-json\/wp\/v2\/pages\/13","targetHints":{"allow":["GET"]}}],"collection":[{"href":"https:\/\/media-fleet.fr\/index.php\/wp-json\/wp\/v2\/pages"}],"about":[{"href":"https:\/\/media-fleet.fr\/index.php\/wp-json\/wp\/v2\/types\/page"}],"author":[{"embeddable":true,"href":"https:\/\/media-fleet.fr\/index.php\/wp-json\/wp\/v2\/users\/1"}],"replies":[{"embeddable":true,"href":"https:\/\/media-fleet.fr\/index.php\/wp-json\/wp\/v2\/comments?post=13"}],"version-history":[{"count":2,"href":"https:\/\/media-fleet.fr\/index.php\/wp-json\/wp\/v2\/pages\/13\/revisions"}],"predecessor-version":[{"id":1702,"href":"https:\/\/media-fleet.fr\/index.php\/wp-json\/wp\/v2\/pages\/13\/revisions\/1702"}],"wp:attachment":[{"href":"https:\/\/media-fleet.fr\/index.php\/wp-json\/wp\/v2\/media?parent=13"}],"curies":[{"name":"wp","href":"https:\/\/api.w.org\/{rel}","templated":true}]}}